{"id":349,"date":"2020-11-10T11:56:25","date_gmt":"2020-11-10T10:56:25","guid":{"rendered":"http:\/\/lunacalypso.fr\/?page_id=349"},"modified":"2020-12-31T15:59:18","modified_gmt":"2020-12-31T14:59:18","slug":"wedding-designer","status":"publish","type":"page","link":"https:\/\/lunacalypso.fr\/?page_id=349","title":{"rendered":"Wedding Designer"},"content":{"rendered":"\n<p><strong>Votre Mariage, Votre ambiance<\/strong><br><\/p>\n\n\n\n<p>Se marier, c&rsquo;est aussi cr\u00e9er l&rsquo;occasion de cr\u00e9er un cadre, un univers \u00e0 part enti\u00e8re. De l&rsquo;\u00e9dition des faire-parts, jusqu&rsquo;\u00e0 la d\u00e9coration des espaces de r\u00e9ception, je serai votre guide pour vous aider \u00e0 magnifier vos souhaits.<\/p>\n\n\n\n<p><strong>Quand faire appel \u00e0 mes services ?<\/strong><\/p>\n\n\n\n<p>Inutile de d\u00e9battre sur le fait que la d\u00e9coration est un point tr\u00e8s important pour les mari\u00e9s. Une fois votre liste d&rsquo;invit\u00e9s \u00e9tablie et  vos lieux de c\u00e9r\u00e9monie et de r\u00e9ception r\u00e9serv\u00e9s, nous aurons toutes les cartes en main pour imaginer votre d\u00e9coration de mariage. Id\u00e9alement, contactez moi entre 10 et 3 mois avant votre mariage.<\/p>\n\n\n\n<p> <strong>Les \u00e9l\u00e9ments dans lesquels je peux vous aider:<\/strong> <\/p>\n\n\n\n<ul><li>Save the date , Faire Parts<\/li><li>Moodboard d&rsquo;inspiration<\/li><li>Mod\u00e9lisation 2D et 3D de vos espaces<\/li><li>Recherche de loueurs \/ suivi de devis d\u00e9coration<\/li><li>Proposition de location de mat\u00e9riels de d\u00e9coration<\/li><li>Installation de la d\u00e9coration la veille du mariage<\/li><\/ul>\n\n\n\n<figure class=\"wp-block-image\"><img loading=\"lazy\" width=\"960\" height=\"640\" src=\"http:\/\/lunacalypso.fr\/wp-content\/uploads\/2020\/12\/deco-4705709_960_720.jpg\" alt=\"\" class=\"wp-image-370\" srcset=\"https:\/\/lunacalypso.fr\/wp-content\/uploads\/2020\/12\/deco-4705709_960_720.jpg 960w, https:\/\/lunacalypso.fr\/wp-content\/uploads\/2020\/12\/deco-4705709_960_720-300x200.jpg 300w, https:\/\/lunacalypso.fr\/wp-content\/uploads\/2020\/12\/deco-4705709_960_720-768x512.jpg 768w\" sizes=\"(max-width: 960px) 100vw, 960px\" \/><\/figure>\n","protected":false},"excerpt":{"rendered":"<p>Votre Mariage, Votre ambiance Se marier, c&rsquo;est aussi cr\u00e9er l&rsquo;occasion de cr\u00e9er un cadre, un univers \u00e0 part enti\u00e8re. De l&rsquo;\u00e9dition des faire-parts, jusqu&rsquo;\u00e0 la d\u00e9coration des espaces de r\u00e9ception, je serai votre guide pour vous aider \u00e0 magnifier vos souhaits. Quand faire appel \u00e0 mes services ? Inutile de d\u00e9battre sur le fait que la d\u00e9coration est un point tr\u00e8s important pour les mari\u00e9s. Une fois votre liste d&rsquo;invit\u00e9s \u00e9tablie et vos lieux de c\u00e9r\u00e9monie et de r\u00e9ception r\u00e9serv\u00e9s, nous aurons toutes les cartes en main pour imaginer votre d\u00e9coration de mariage. Id\u00e9alement, contactez moi entre 10 et 3 mois avant votre mariage. Les \u00e9l\u00e9ments dans lesquels je peux vous aider: Save the date , Faire Parts Moodboard d&rsquo;inspiration Mod\u00e9lisation 2D et 3D de vos espaces Recherche de loueurs \/ suivi de devis d\u00e9coration Proposition de location de mat\u00e9riels de d\u00e9coration Installation de la d\u00e9coration la veille du mariage<\/p>\n","protected":false},"author":1,"featured_media":0,"parent":0,"menu_order":0,"comment_status":"closed","ping_status":"closed","template":"","meta":[],"_links":{"self":[{"href":"https:\/\/lunacalypso.fr\/index.php?rest_route=\/wp\/v2\/pages\/349"}],"collection":[{"href":"https:\/\/lunacalypso.fr\/index.php?rest_route=\/wp\/v2\/pages"}],"about":[{"href":"https:\/\/lunacalypso.fr\/index.php?rest_route=\/wp\/v2\/types\/page"}],"author":[{"embeddable":true,"href":"https:\/\/lunacalypso.fr\/index.php?rest_route=\/wp\/v2\/users\/1"}],"replies":[{"embeddable":true,"href":"https:\/\/lunacalypso.fr\/index.php?rest_route=%2Fwp%2Fv2%2Fcomments&post=349"}],"version-history":[{"count":9,"href":"https:\/\/lunacalypso.fr\/index.php?rest_route=\/wp\/v2\/pages\/349\/revisions"}],"predecessor-version":[{"id":371,"href":"https:\/\/lunacalypso.fr\/index.php?rest_route=\/wp\/v2\/pages\/349\/revisions\/371"}],"wp:attachment":[{"href":"https:\/\/lunacalypso.fr\/index.php?rest_route=%2Fwp%2Fv2%2Fmedia&parent=349"}],"curies":[{"name":"wp","href":"https:\/\/api.w.org\/{rel}","templated":true}]}}