{"id":2,"date":"2019-04-18T22:10:30","date_gmt":"2019-04-18T20:10:30","guid":{"rendered":"http:\/\/lunacalypso.fr\/?page_id=2"},"modified":"2019-12-19T15:49:07","modified_gmt":"2019-12-19T14:49:07","slug":"page-d-exemple","status":"publish","type":"page","link":"https:\/\/lunacalypso.fr\/","title":{"rendered":"Accueil"},"content":{"rendered":"\n<p>Qu&rsquo;il s&rsquo;agisse de l&rsquo;organisation de votre mariage, d&rsquo;un anniversaire, d&rsquo;un bapt\u00eame ou de tout autres \u00e9v\u00e8nements priv\u00e9s, je serai ravie de vous accompagner dans les coulisses de votre projet.<\/p>\n\n\n\n<p>Toutes mes comp\u00e9tences seront mises \u00e0 votre disposition pour cr\u00e9er un moment personnalis\u00e9 et unique. Chaque d\u00e9tail est pens\u00e9 pour que votre \u00e9v\u00e8nement soit une r\u00e9ussite m\u00e9morable, aussi bien pour vous, que pour vos invit\u00e9s.<\/p>\n\n\n\n<p>Bas\u00e9e dans la Ni\u00e8vre,  mon secteur de pr\u00e9dilection est ma ch\u00e8re Bourgogne, et certains d\u00e9partements limitrophes ( Allier, Cher, Loiret). <\/p>\n\n\n\n<p>Cependant, n&rsquo;h\u00e9sitez pas \u00e0 me contacter pour toutes autres localit\u00e9s. En gros, que vous vous mariiez dans une campagne fran\u00e7aise, sur une plage de Californie, dans une pirogue dans la baie d&rsquo;Ha Long ou m\u00eame sur le flan d&rsquo;une montagne enneig\u00e9e, je suis la personne qu&rsquo;il vous faut !<\/p>\n\n\n\n<p style=\"text-align:center\"><strong>Contactez moi, via le formulaire <a href=\"http:\/\/lunacalypso.fr\/?page_id=57\">contact<\/a>, et parlons ensemble de vos r\u00eaves \u00e0 r\u00e9aliser<\/strong>.<\/p>\n\n\n\n<figure class=\"wp-block-image\"><img loading=\"lazy\" width=\"1024\" height=\"681\" src=\"http:\/\/lunacalypso.fr\/wp-content\/uploads\/2019\/05\/people-2586426_1920-1024x681.jpg\" alt=\"\" class=\"wp-image-194\" srcset=\"https:\/\/lunacalypso.fr\/wp-content\/uploads\/2019\/05\/people-2586426_1920-1024x681.jpg 1024w, https:\/\/lunacalypso.fr\/wp-content\/uploads\/2019\/05\/people-2586426_1920-300x200.jpg 300w, https:\/\/lunacalypso.fr\/wp-content\/uploads\/2019\/05\/people-2586426_1920-768x511.jpg 768w, https:\/\/lunacalypso.fr\/wp-content\/uploads\/2019\/05\/people-2586426_1920-1140x758.jpg 1140w, https:\/\/lunacalypso.fr\/wp-content\/uploads\/2019\/05\/people-2586426_1920.jpg 1920w\" sizes=\"(max-width: 1024px) 100vw, 1024px\" \/><\/figure>\n","protected":false},"excerpt":{"rendered":"<p>Qu&rsquo;il s&rsquo;agisse de l&rsquo;organisation de votre mariage, d&rsquo;un anniversaire, d&rsquo;un bapt\u00eame ou de tout autres \u00e9v\u00e8nements priv\u00e9s, je serai ravie de vous accompagner dans les coulisses de votre projet. Toutes mes comp\u00e9tences seront mises \u00e0 votre disposition pour cr\u00e9er un moment personnalis\u00e9 et unique. Chaque d\u00e9tail est pens\u00e9 pour que votre \u00e9v\u00e8nement soit une r\u00e9ussite m\u00e9morable, aussi bien pour vous, que pour vos invit\u00e9s. Bas\u00e9e dans la Ni\u00e8vre, mon secteur de pr\u00e9dilection est ma ch\u00e8re Bourgogne, et certains d\u00e9partements limitrophes ( Allier, Cher, Loiret). Cependant, n&rsquo;h\u00e9sitez pas \u00e0 me contacter pour toutes autres localit\u00e9s. En gros, que vous vous mariiez dans une campagne fran\u00e7aise, sur une plage de Californie, dans une pirogue dans la baie d&rsquo;Ha Long ou m\u00eame sur le flan d&rsquo;une montagne enneig\u00e9e, je suis la personne qu&rsquo;il vous faut ! Contactez moi, via le formulaire contact, et parlons ensemble de vos r\u00eaves \u00e0 r\u00e9aliser.<\/p>\n","protected":false},"author":1,"featured_media":0,"parent":0,"menu_order":0,"comment_status":"closed","ping_status":"open","template":"","meta":[],"_links":{"self":[{"href":"https:\/\/lunacalypso.fr\/index.php?rest_route=\/wp\/v2\/pages\/2"}],"collection":[{"href":"https:\/\/lunacalypso.fr\/index.php?rest_route=\/wp\/v2\/pages"}],"about":[{"href":"https:\/\/lunacalypso.fr\/index.php?rest_route=\/wp\/v2\/types\/page"}],"author":[{"embeddable":true,"href":"https:\/\/lunacalypso.fr\/index.php?rest_route=\/wp\/v2\/users\/1"}],"replies":[{"embeddable":true,"href":"https:\/\/lunacalypso.fr\/index.php?rest_route=%2Fwp%2Fv2%2Fcomments&post=2"}],"version-history":[{"count":26,"href":"https:\/\/lunacalypso.fr\/index.php?rest_route=\/wp\/v2\/pages\/2\/revisions"}],"predecessor-version":[{"id":331,"href":"https:\/\/lunacalypso.fr\/index.php?rest_route=\/wp\/v2\/pages\/2\/revisions\/331"}],"wp:attachment":[{"href":"https:\/\/lunacalypso.fr\/index.php?rest_route=%2Fwp%2Fv2%2Fmedia&parent=2"}],"curies":[{"name":"wp","href":"https:\/\/api.w.org\/{rel}","templated":true}]}}