{"id":148,"date":"2019-04-30T22:45:21","date_gmt":"2019-04-30T20:45:21","guid":{"rendered":"http:\/\/lunacalypso.fr\/?page_id=148"},"modified":"2022-01-20T11:13:54","modified_gmt":"2022-01-20T10:13:54","slug":"prestations-2","status":"publish","type":"page","link":"https:\/\/lunacalypso.fr\/?page_id=148","title":{"rendered":"Prestations"},"content":{"rendered":"\n<p><br><\/p>\n\n\n\n<p><strong>BAPTEME &#8211; c\u00e9r\u00e9monie La\u00efque<\/strong><\/p>\n\n\n\n<ul><li>Aide \u00e0 la mise en valeur de l&rsquo;\u00e9v\u00e8nement &#8211; Moodboard<\/li><li>Organisation du d\u00e9roulement de la c\u00e9r\u00e9monie<\/li><li>R\u00e9daction de la c\u00e9r\u00e9monie<\/li><li>Pr\u00e9sence et office de la c\u00e9r\u00e9monie<\/li><\/ul>\n\n\n\n<p><strong><em>Formule \u00e0 partir de 270 \u20ac ( non pr\u00e9sentiel) et 420 \u20ac (pr\u00e9sentiel)<\/em><\/strong><\/p>\n\n\n\n<p><strong>MARIAGE\/RENOUVELLEMENTS DE VOEUX &#8211; C\u00e9r\u00e9monie La\u00efque<\/strong><\/p>\n\n\n\n<ul><li>Aide \u00e0 la pr\u00e9paration de l&rsquo;\u00e9v\u00e8nement &#8211; Moodboard<\/li><li>Organisation de d\u00e9roulement de la c\u00e9r\u00e9monie<\/li><li>Relations avec les intervenants Famille \/ amis<\/li><li>R\u00e9daction de la c\u00e9r\u00e9monie <\/li><li>Pr\u00e9sence et\/ou office de la c\u00e9r\u00e9monie<\/li><\/ul>\n\n\n\n<p><strong><em>Formule \u00e0 partir de 490 \u20ac (non pr\u00e9sentiel) et 800 \u20ac (pr\u00e9sentiel)<\/em><\/strong><\/p>\n\n\n\n<div class=\"wp-block-image\"><figure class=\"aligncenter\"><img loading=\"lazy\" width=\"626\" height=\"417\" src=\"http:\/\/lunacalypso.fr\/wp-content\/uploads\/2019\/05\/autel-mariage-brillant-pour-jeunes-maries-se-trouve-cour-decoree-ballons_8353-8415.jpg\" alt=\"\" class=\"wp-image-211\" srcset=\"https:\/\/lunacalypso.fr\/wp-content\/uploads\/2019\/05\/autel-mariage-brillant-pour-jeunes-maries-se-trouve-cour-decoree-ballons_8353-8415.jpg 626w, https:\/\/lunacalypso.fr\/wp-content\/uploads\/2019\/05\/autel-mariage-brillant-pour-jeunes-maries-se-trouve-cour-decoree-ballons_8353-8415-300x200.jpg 300w\" sizes=\"(max-width: 626px) 100vw, 626px\" \/><figcaption>Vous avez d\u00e9ja pens\u00e9 \u00e0 une c\u00e9r\u00e9monie nocturne?<\/figcaption><\/figure><\/div>\n","protected":false},"excerpt":{"rendered":"<p>BAPTEME &#8211; c\u00e9r\u00e9monie La\u00efque Aide \u00e0 la mise en valeur de l&rsquo;\u00e9v\u00e8nement &#8211; Moodboard Organisation du d\u00e9roulement de la c\u00e9r\u00e9monie R\u00e9daction de la c\u00e9r\u00e9monie Pr\u00e9sence et office de la c\u00e9r\u00e9monie Formule \u00e0 partir de 270 \u20ac ( non pr\u00e9sentiel) et 420 \u20ac (pr\u00e9sentiel) MARIAGE\/RENOUVELLEMENTS DE VOEUX &#8211; C\u00e9r\u00e9monie La\u00efque Aide \u00e0 la pr\u00e9paration de l&rsquo;\u00e9v\u00e8nement &#8211; Moodboard Organisation de d\u00e9roulement de la c\u00e9r\u00e9monie Relations avec les intervenants Famille \/ amis R\u00e9daction de la c\u00e9r\u00e9monie Pr\u00e9sence et\/ou office de la c\u00e9r\u00e9monie Formule \u00e0 partir de 490 \u20ac (non pr\u00e9sentiel) et 800 \u20ac (pr\u00e9sentiel)<\/p>\n","protected":false},"author":1,"featured_media":0,"parent":0,"menu_order":0,"comment_status":"closed","ping_status":"closed","template":"","meta":[],"_links":{"self":[{"href":"https:\/\/lunacalypso.fr\/index.php?rest_route=\/wp\/v2\/pages\/148"}],"collection":[{"href":"https:\/\/lunacalypso.fr\/index.php?rest_route=\/wp\/v2\/pages"}],"about":[{"href":"https:\/\/lunacalypso.fr\/index.php?rest_route=\/wp\/v2\/types\/page"}],"author":[{"embeddable":true,"href":"https:\/\/lunacalypso.fr\/index.php?rest_route=\/wp\/v2\/users\/1"}],"replies":[{"embeddable":true,"href":"https:\/\/lunacalypso.fr\/index.php?rest_route=%2Fwp%2Fv2%2Fcomments&post=148"}],"version-history":[{"count":13,"href":"https:\/\/lunacalypso.fr\/index.php?rest_route=\/wp\/v2\/pages\/148\/revisions"}],"predecessor-version":[{"id":394,"href":"https:\/\/lunacalypso.fr\/index.php?rest_route=\/wp\/v2\/pages\/148\/revisions\/394"}],"wp:attachment":[{"href":"https:\/\/lunacalypso.fr\/index.php?rest_route=%2Fwp%2Fv2%2Fmedia&parent=148"}],"curies":[{"name":"wp","href":"https:\/\/api.w.org\/{rel}","templated":true}]}}