{"id":145,"date":"2019-04-30T22:43:22","date_gmt":"2019-04-30T20:43:22","guid":{"rendered":"http:\/\/lunacalypso.fr\/?page_id=145"},"modified":"2023-11-08T21:02:09","modified_gmt":"2023-11-08T20:02:09","slug":"prestations","status":"publish","type":"page","link":"https:\/\/lunacalypso.fr\/?page_id=145","title":{"rendered":"Prestations"},"content":{"rendered":"\n<p>Chaque mariage est unique et vous l&rsquo;\u00eates tout autant. Pour un mariage, une seule chose est obligatoire : Deux personnes qui s&rsquo;aiment ! Tout le reste est fait de volont\u00e9, de choix, et d&rsquo;imagination.<\/p>\n\n\n\n<p><\/p>\n\n\n\n<p class=\"has-text-align-center\"><strong>Formule SERENITY<\/strong> &#8211; <em>PREPARATION<\/em><\/p>\n\n\n\n<p>C&rsquo;est la formule pour vivre sa pr\u00e9paration et sa journ\u00e9e en toute s\u00e9r\u00e9nit\u00e9. Nous organisons ensemble, tous les d\u00e9tails de votre Mariage. Elle se compose d&rsquo;un unique rendez vous de 2\/3h o\u00f9 nous aborderons ensemble tous les points de pr\u00e9paration de votre mariage. Fini les doutes, place aux actions ! <em>A partir de 350 \u20ac<\/em><\/p>\n\n\n\n<p class=\"has-text-align-center\"><strong>FORMULE HAPPINESS<\/strong> &#8211; <em>COORDINATION<\/em><\/p>\n\n\n\n<p>La Formule Happiness est une aide pr\u00e9cieuse de coordination. Si vous avez d\u00e9j\u00e0 bien avanc\u00e9 sur le choix de vos prestataires mais que vous avez besoin d&rsquo;un peu d&rsquo;ordre et surtout d&rsquo;un soutien de chaque instant. jusqu&rsquo;\u00e0 l&rsquo;accomplissement de votre joli Jour, je serai pr\u00e9sente une partie de la journ\u00e9e pour coordonner et peaufiner les derniers d\u00e9tails. <em>A partir de 1550 \u20ac<\/em>.<\/p>\n\n\n\n<p class=\"has-text-align-center\"><strong>FORMULE FAIRYTALE<\/strong> &#8211; <em>ORGANISATION<\/em><\/p>\n\n\n\n<p>La formule FAIRYTALE est la formule la plus compl\u00e8te. Je vous accompagne, dans l&rsquo;ombre de votre bonheur, d\u00e8s votre demande en mariage jusqu&rsquo;\u00e0 votre journ\u00e9e de Mariage. Du lieu de r\u00e9ception, \u00e0 vos essayages, je saurai \u00eatre la personne de confiance, qui vous confortera dans vos choix, et vous \u00e9paulera jusqu&rsquo;\u00e0 l&rsquo;accomplissement du programme id\u00e9al dont vous avez toujours r\u00eav\u00e9. A partir de 2600 \u20ac<\/p>\n\n\n\n<p class=\"has-text-align-center\"><em>Les formules sont l\u00e0 pour vous donner une id\u00e9e de ce que nous allons pouvoir faire ensemble.<\/em><\/p>\n\n\n\n<p class=\"has-text-align-center\">N<em>&lsquo;h\u00e9sitez pas \u00e0 me contacter pour que nous puissions \u00e9tudier ensemble votre projet et cr\u00e9er votre propre formule.<\/em><\/p>\n\n\n\n<div class=\"wp-block-image\"><figure class=\"aligncenter\"><img loading=\"lazy\" width=\"1024\" height=\"683\" src=\"http:\/\/lunacalypso.fr\/wp-content\/uploads\/2019\/05\/129-1024x683.jpg\" alt=\"\" class=\"wp-image-184\" srcset=\"https:\/\/lunacalypso.fr\/wp-content\/uploads\/2019\/05\/129-1024x683.jpg 1024w, https:\/\/lunacalypso.fr\/wp-content\/uploads\/2019\/05\/129-300x200.jpg 300w, https:\/\/lunacalypso.fr\/wp-content\/uploads\/2019\/05\/129-768x512.jpg 768w, https:\/\/lunacalypso.fr\/wp-content\/uploads\/2019\/05\/129-1140x760.jpg 1140w\" sizes=\"(max-width: 1024px) 100vw, 1024px\" \/><figcaption>Credit photo : Christophe Gadea Photographe<\/figcaption><\/figure><\/div>\n","protected":false},"excerpt":{"rendered":"<p>Chaque mariage est unique et vous l&rsquo;\u00eates tout autant. Pour un mariage, une seule chose est obligatoire : Deux personnes qui s&rsquo;aiment ! Tout le reste est fait de volont\u00e9, de choix, et d&rsquo;imagination. Formule SERENITY &#8211; PREPARATION C&rsquo;est la formule pour vivre sa pr\u00e9paration et sa journ\u00e9e en toute s\u00e9r\u00e9nit\u00e9. Nous organisons ensemble, tous les d\u00e9tails de votre Mariage. Elle se compose d&rsquo;un unique rendez vous de 2\/3h o\u00f9 nous aborderons ensemble tous les points de pr\u00e9paration de votre mariage. Fini les doutes, place aux actions ! A partir de 350 \u20ac FORMULE HAPPINESS &#8211; COORDINATION La Formule Happiness est une aide pr\u00e9cieuse de coordination. Si vous avez d\u00e9j\u00e0 bien avanc\u00e9 sur le choix de vos prestataires mais que vous avez besoin d&rsquo;un peu d&rsquo;ordre et surtout d&rsquo;un soutien de chaque instant. jusqu&rsquo;\u00e0 l&rsquo;accomplissement de votre joli Jour, je serai pr\u00e9sente une partie de la journ\u00e9e pour coordonner et peaufiner les derniers d\u00e9tails. A partir de 1550 \u20ac. FORMULE FAIRYTALE &#8211; ORGANISATION La formule FAIRYTALE est la formule la plus compl\u00e8te. Je vous accompagne, dans l&rsquo;ombre de votre bonheur, d\u00e8s votre demande en mariage jusqu&rsquo;\u00e0 votre journ\u00e9e de Mariage. Du lieu de r\u00e9ception, \u00e0 vos essayages, je saurai \u00eatre la personne de confiance, qui vous confortera dans vos choix, et vous \u00e9paulera jusqu&rsquo;\u00e0 l&rsquo;accomplissement du programme id\u00e9al dont vous avez toujours r\u00eav\u00e9. A partir de 2600 \u20ac Les formules sont l\u00e0 pour vous donner une id\u00e9e de ce que nous allons pouvoir faire ensemble. N&lsquo;h\u00e9sitez pas \u00e0 me contacter pour que nous puissions \u00e9tudier ensemble votre projet et cr\u00e9er votre propre formule.<\/p>\n","protected":false},"author":1,"featured_media":0,"parent":0,"menu_order":0,"comment_status":"closed","ping_status":"closed","template":"","meta":[],"_links":{"self":[{"href":"https:\/\/lunacalypso.fr\/index.php?rest_route=\/wp\/v2\/pages\/145"}],"collection":[{"href":"https:\/\/lunacalypso.fr\/index.php?rest_route=\/wp\/v2\/pages"}],"about":[{"href":"https:\/\/lunacalypso.fr\/index.php?rest_route=\/wp\/v2\/types\/page"}],"author":[{"embeddable":true,"href":"https:\/\/lunacalypso.fr\/index.php?rest_route=\/wp\/v2\/users\/1"}],"replies":[{"embeddable":true,"href":"https:\/\/lunacalypso.fr\/index.php?rest_route=%2Fwp%2Fv2%2Fcomments&post=145"}],"version-history":[{"count":20,"href":"https:\/\/lunacalypso.fr\/index.php?rest_route=\/wp\/v2\/pages\/145\/revisions"}],"predecessor-version":[{"id":402,"href":"https:\/\/lunacalypso.fr\/index.php?rest_route=\/wp\/v2\/pages\/145\/revisions\/402"}],"wp:attachment":[{"href":"https:\/\/lunacalypso.fr\/index.php?rest_route=%2Fwp%2Fv2%2Fmedia&parent=145"}],"curies":[{"name":"wp","href":"https:\/\/api.w.org\/{rel}","templated":true}]}}