{"id":123,"date":"2019-04-29T00:16:28","date_gmt":"2019-04-28T22:16:28","guid":{"rendered":"http:\/\/lunacalypso.fr\/?page_id=123"},"modified":"2019-07-12T09:20:46","modified_gmt":"2019-07-12T07:20:46","slug":"bapteme","status":"publish","type":"page","link":"https:\/\/lunacalypso.fr\/?page_id=123","title":{"rendered":"Bapt\u00eame La\u00efque"},"content":{"rendered":"\n<figure class=\"wp-block-image\"><img loading=\"lazy\" width=\"1024\" height=\"683\" src=\"http:\/\/lunacalypso.fr\/wp-content\/uploads\/2019\/05\/people-2587451_1920-1024x683.jpg\" alt=\"\" class=\"wp-image-223\" srcset=\"https:\/\/lunacalypso.fr\/wp-content\/uploads\/2019\/05\/people-2587451_1920-1024x683.jpg 1024w, https:\/\/lunacalypso.fr\/wp-content\/uploads\/2019\/05\/people-2587451_1920-300x200.jpg 300w, https:\/\/lunacalypso.fr\/wp-content\/uploads\/2019\/05\/people-2587451_1920-768x512.jpg 768w, https:\/\/lunacalypso.fr\/wp-content\/uploads\/2019\/05\/people-2587451_1920-1140x760.jpg 1140w, https:\/\/lunacalypso.fr\/wp-content\/uploads\/2019\/05\/people-2587451_1920.jpg 1920w\" sizes=\"(max-width: 1024px) 100vw, 1024px\" \/><\/figure>\n\n\n\n<p style=\"text-align:center\"><strong>Que ne ferions nous pas, pour nos enfants !? Mais si vous le faisiez aussi pour vous ?<\/strong><\/p>\n\n\n\n<p>Vous avez choisi des parrains\/Marraines \u00e0 votre enfant, mais une c\u00e9r\u00e9monie religieuse ne vous parle pas?<\/p>\n\n\n\n<p>Sachez que la C\u00e9r\u00e9monie La\u00efque a, tout \u00e0 fait, sa place pour c\u00e9l\u00e9brer le(s) parrain(s) et marraine(s) de votre enfant. Tel un rite de passage, la c\u00e9r\u00e9monie sera le moment fort de la journ\u00e9e de votre petit ( ou moins petit d&rsquo;ailleurs !). L&rsquo;avantage de cette c\u00e9r\u00e9monie civile et la\u00efque, c&rsquo;est que vous allez pouvoir construire de A \u00e0 Z, un moment de partage, tendre et rempli de bienveillance. <\/p>\n\n\n\n<p>Si la formule du Bapt\u00eame La\u00efque peut \u00eatre d\u00e9routante pour certains car peu commune, soyez sur que le cot\u00e9 enchant\u00e9 et symbolique fera l&rsquo;unanimit\u00e9.<\/p>\n\n\n\n<p>Ce que Luna Calypso vous propose -&gt; <a href=\"http:\/\/lunacalypso.fr\/?page_id=148\">Prestations<\/a><\/p>\n","protected":false},"excerpt":{"rendered":"<p>Que ne ferions nous pas, pour nos enfants !? Mais si vous le faisiez aussi pour vous ? Vous avez choisi des parrains\/Marraines \u00e0 votre enfant, mais une c\u00e9r\u00e9monie religieuse ne vous parle pas? Sachez que la C\u00e9r\u00e9monie La\u00efque a, tout \u00e0 fait, sa place pour c\u00e9l\u00e9brer le(s) parrain(s) et marraine(s) de votre enfant. Tel un rite de passage, la c\u00e9r\u00e9monie sera le moment fort de la journ\u00e9e de votre petit ( ou moins petit d&rsquo;ailleurs !). L&rsquo;avantage de cette c\u00e9r\u00e9monie civile et la\u00efque, c&rsquo;est que vous allez pouvoir construire de A \u00e0 Z, un moment de partage, tendre et rempli de bienveillance. Si la formule du Bapt\u00eame La\u00efque peut \u00eatre d\u00e9routante pour certains car peu commune, soyez sur que le cot\u00e9 enchant\u00e9 et symbolique fera l&rsquo;unanimit\u00e9. Ce que Luna Calypso vous propose -&gt; Prestations<\/p>\n","protected":false},"author":1,"featured_media":0,"parent":0,"menu_order":0,"comment_status":"closed","ping_status":"closed","template":"","meta":[],"_links":{"self":[{"href":"https:\/\/lunacalypso.fr\/index.php?rest_route=\/wp\/v2\/pages\/123"}],"collection":[{"href":"https:\/\/lunacalypso.fr\/index.php?rest_route=\/wp\/v2\/pages"}],"about":[{"href":"https:\/\/lunacalypso.fr\/index.php?rest_route=\/wp\/v2\/types\/page"}],"author":[{"embeddable":true,"href":"https:\/\/lunacalypso.fr\/index.php?rest_route=\/wp\/v2\/users\/1"}],"replies":[{"embeddable":true,"href":"https:\/\/lunacalypso.fr\/index.php?rest_route=%2Fwp%2Fv2%2Fcomments&post=123"}],"version-history":[{"count":7,"href":"https:\/\/lunacalypso.fr\/index.php?rest_route=\/wp\/v2\/pages\/123\/revisions"}],"predecessor-version":[{"id":272,"href":"https:\/\/lunacalypso.fr\/index.php?rest_route=\/wp\/v2\/pages\/123\/revisions\/272"}],"wp:attachment":[{"href":"https:\/\/lunacalypso.fr\/index.php?rest_route=%2Fwp%2Fv2%2Fmedia&parent=123"}],"curies":[{"name":"wp","href":"https:\/\/api.w.org\/{rel}","templated":true}]}}