{"id":113,"date":"2019-04-29T00:10:57","date_gmt":"2019-04-28T22:10:57","guid":{"rendered":"http:\/\/lunacalypso.fr\/?page_id=113"},"modified":"2019-12-19T16:06:57","modified_gmt":"2019-12-19T15:06:57","slug":"wedding-planner","status":"publish","type":"page","link":"https:\/\/lunacalypso.fr\/?page_id=113","title":{"rendered":"Wedding Planner"},"content":{"rendered":"\n<p>Ca y est ! LA demande est arriv\u00e9e !! Vous allez vous marier ! Les id\u00e9es fusent, les choix se multiplient et vous avez besoin d&rsquo;une aide ? C&rsquo;est le r\u00f4le de votre future Wedding Planner ! et je suis ravie de vous dire, que vous \u00eates au bon endroit. Quelques lignes \u00e0 lire, pour identifier vos besoins, et ainsi d\u00e9couvrir ce que je peux vous proposer.<\/p>\n\n\n\n<p><strong>Que puis-je vous apporter?<\/strong><\/p>\n\n\n\n<p>Une oreille attentive, un sens de l&rsquo;organisation inn\u00e9, des astuces, des id\u00e9es, des bons plans, une coordination au millim\u00e8tre pour un Jour J sans impr\u00e9vu ( Impr\u00e9vu ! Pas \u00ab\u00a0surprises\u00a0\u00bb, j&rsquo;adore les surprises), je mets toutes mes comp\u00e9tences en \u0153uvre pour que chacun des mariages que l&rsquo;on me confie, soit unique, et inoubliable. Une force de proposition, mais toujours dans le respect de vos choix, et de VOS envies. Je serai l\u00e0 pour vous soutenir dans vos choix.<\/p>\n\n\n\n<p><strong>Quand faire appel \u00e0 mes services? <\/strong><\/p>\n\n\n\n<p>D\u00e9s maintenant ! Si vous \u00eates en train de lire ces lignes, c&rsquo;est que vous \u00eates probablement d\u00e9j\u00e0 dans l&rsquo;optique de vous faire accompagner. Il n&rsquo;y a pas de questions b\u00eates, n&rsquo;h\u00e9sitez pas \u00e0 me contacter via la page contact pour que nous puissions discuter de votre Joli Jour.<\/p>\n\n\n\n<p><strong>Les domaines dans lesquels je peux vous aider:<\/strong><\/p>\n\n\n\n<ul><li>Conseils pr\u00e9alables \u00e0 l&rsquo;organisation<\/li><li>\u00c9tablir votre budget id\u00e9al<\/li><li>Recherches de tous les prestataires de votre mariage ( Lieux, Photographe, Fleuriste etc)<\/li><li>Conseils et aide d\u00e9coration (Moodboard)<\/li><li>Coordination du Jour J<\/li><li>Accompagnement partiel ou total du Jour J<\/li><\/ul>\n\n\n\n<div class=\"wp-block-image\"><figure class=\"aligncenter\"><img loading=\"lazy\" width=\"626\" height=\"428\" src=\"http:\/\/lunacalypso.fr\/wp-content\/uploads\/2019\/05\/mains-verifiant-liste-planification-wedding-planner_53876-10235.jpg\" alt=\"\" class=\"wp-image-161\" srcset=\"https:\/\/lunacalypso.fr\/wp-content\/uploads\/2019\/05\/mains-verifiant-liste-planification-wedding-planner_53876-10235.jpg 626w, https:\/\/lunacalypso.fr\/wp-content\/uploads\/2019\/05\/mains-verifiant-liste-planification-wedding-planner_53876-10235-300x205.jpg 300w\" sizes=\"(max-width: 626px) 100vw, 626px\" \/><figcaption>..<\/figcaption><\/figure><\/div>\n","protected":false},"excerpt":{"rendered":"<p>Ca y est ! LA demande est arriv\u00e9e !! Vous allez vous marier ! Les id\u00e9es fusent, les choix se multiplient et vous avez besoin d&rsquo;une aide ? C&rsquo;est le r\u00f4le de votre future Wedding Planner ! et je suis ravie de vous dire, que vous \u00eates au bon endroit. Quelques lignes \u00e0 lire, pour identifier vos besoins, et ainsi d\u00e9couvrir ce que je peux vous proposer. Que puis-je vous apporter? Une oreille attentive, un sens de l&rsquo;organisation inn\u00e9, des astuces, des id\u00e9es, des bons plans, une coordination au millim\u00e8tre pour un Jour J sans impr\u00e9vu ( Impr\u00e9vu ! Pas \u00ab\u00a0surprises\u00a0\u00bb, j&rsquo;adore les surprises), je mets toutes mes comp\u00e9tences en \u0153uvre pour que chacun des mariages que l&rsquo;on me confie, soit unique, et inoubliable. Une force de proposition, mais toujours dans le respect de vos choix, et de VOS envies. Je serai l\u00e0 pour vous soutenir dans vos choix. Quand faire appel \u00e0 mes services? D\u00e9s maintenant ! Si vous \u00eates en train de lire ces lignes, c&rsquo;est que vous \u00eates probablement d\u00e9j\u00e0 dans l&rsquo;optique de vous faire accompagner. Il n&rsquo;y a pas de questions b\u00eates, n&rsquo;h\u00e9sitez pas \u00e0 me contacter via la page contact pour que nous puissions discuter de votre Joli Jour. Les domaines dans lesquels je peux vous aider: Conseils pr\u00e9alables \u00e0 l&rsquo;organisation \u00c9tablir votre budget id\u00e9al Recherches de tous les prestataires de votre mariage ( Lieux, Photographe, Fleuriste etc) Conseils et aide d\u00e9coration (Moodboard) Coordination du Jour J Accompagnement partiel ou total du Jour J<\/p>\n","protected":false},"author":1,"featured_media":0,"parent":0,"menu_order":0,"comment_status":"closed","ping_status":"closed","template":"","meta":[],"_links":{"self":[{"href":"https:\/\/lunacalypso.fr\/index.php?rest_route=\/wp\/v2\/pages\/113"}],"collection":[{"href":"https:\/\/lunacalypso.fr\/index.php?rest_route=\/wp\/v2\/pages"}],"about":[{"href":"https:\/\/lunacalypso.fr\/index.php?rest_route=\/wp\/v2\/types\/page"}],"author":[{"embeddable":true,"href":"https:\/\/lunacalypso.fr\/index.php?rest_route=\/wp\/v2\/users\/1"}],"replies":[{"embeddable":true,"href":"https:\/\/lunacalypso.fr\/index.php?rest_route=%2Fwp%2Fv2%2Fcomments&post=113"}],"version-history":[{"count":13,"href":"https:\/\/lunacalypso.fr\/index.php?rest_route=\/wp\/v2\/pages\/113\/revisions"}],"predecessor-version":[{"id":278,"href":"https:\/\/lunacalypso.fr\/index.php?rest_route=\/wp\/v2\/pages\/113\/revisions\/278"}],"wp:attachment":[{"href":"https:\/\/lunacalypso.fr\/index.php?rest_route=%2Fwp%2Fv2%2Fmedia&parent=113"}],"curies":[{"name":"wp","href":"https:\/\/api.w.org\/{rel}","templated":true}]}}