{"id":10,"date":"2019-04-24T23:26:58","date_gmt":"2019-04-24T21:26:58","guid":{"rendered":"http:\/\/lunacalypso.fr\/?page_id=10"},"modified":"2023-10-04T22:22:17","modified_gmt":"2023-10-04T20:22:17","slug":"qui-suis-je","status":"publish","type":"page","link":"https:\/\/lunacalypso.fr\/?page_id=10","title":{"rendered":"Qui suis-je?"},"content":{"rendered":"\n<figure class=\"wp-block-gallery aligncenter columns-1 is-cropped\"><ul class=\"blocks-gallery-grid\"><li class=\"blocks-gallery-item\"><figure><img loading=\"lazy\" width=\"1024\" height=\"683\" src=\"https:\/\/lunacalypso.fr\/wp-content\/uploads\/2023\/10\/FRANCE-Traitement-02-1024x683.jpg\" alt=\"\" data-id=\"398\" data-full-url=\"https:\/\/lunacalypso.fr\/wp-content\/uploads\/2023\/10\/FRANCE-Traitement-02-scaled.jpg\" data-link=\"https:\/\/lunacalypso.fr\/?attachment_id=398\" class=\"wp-image-398\" srcset=\"https:\/\/lunacalypso.fr\/wp-content\/uploads\/2023\/10\/FRANCE-Traitement-02-1024x683.jpg 1024w, https:\/\/lunacalypso.fr\/wp-content\/uploads\/2023\/10\/FRANCE-Traitement-02-300x200.jpg 300w, https:\/\/lunacalypso.fr\/wp-content\/uploads\/2023\/10\/FRANCE-Traitement-02-768x512.jpg 768w, https:\/\/lunacalypso.fr\/wp-content\/uploads\/2023\/10\/FRANCE-Traitement-02-1536x1024.jpg 1536w, https:\/\/lunacalypso.fr\/wp-content\/uploads\/2023\/10\/FRANCE-Traitement-02-2048x1365.jpg 2048w, https:\/\/lunacalypso.fr\/wp-content\/uploads\/2023\/10\/FRANCE-Traitement-02-1140x760.jpg 1140w\" sizes=\"(max-width: 1024px) 100vw, 1024px\" \/><\/figure><\/li><\/ul><\/figure>\n\n\n\n<p>Bonjour ! Oui, C&rsquo;est bien moi qui se cache derri\u00e8re ce pseudo.. <\/p>\n\n\n\n<p>France, 34 ans, en couple, maman d&rsquo;une petite fille de 8 ans, j&rsquo;aspire, depuis toujours, \u00e0 aider les gens autour de moi. J&rsquo;aime \u00eatre entour\u00e9e de personnes heureuses, c&rsquo;est cela qui me rend heureuse, \u00e0 mon tour. Avant tout, je dirai que je suis une passionn\u00e9e&#8230; tr\u00e8s \u00e9clectique. Les 7 arts sont pour moi source d&rsquo;inspiration au quotidien. <\/p>\n\n\n\n<p>Comment suis-je arriv\u00e9e au m\u00e9tier de Wedding Planner, Wedding Designer et Officiante de C\u00e9r\u00e9monie?..<\/p>\n\n\n\n<p>Suite \u00e0 une premi\u00e8re formation de Wedding Planner en 2016 via Events &amp; Media, une autre, en tant qu&rsquo;officiante de C\u00e9r\u00e9monie Laique en 2019 \u00e0 l&rsquo;IWI, International Wedding Institute \u00e0 Paris, j&rsquo;ai poursuivi d\u00e9but 2020 avec la formation Wedding Designer.<\/p>\n\n\n\n<p>J&rsquo;ai eu, enfin toutes les cl\u00e9s en main pour me lancer dans ce qui me plait ! <\/p>\n\n\n\n<p>Accompagner, conseiller, aider, soutenir, et surtout VIVRE l&rsquo;instant pr\u00e9sent \u00e0 fond.<\/p>\n\n\n\n<p class=\"has-text-align-center\"><strong>Rencontrons nous, et accomplissons de belles choses ensemble..<\/strong><\/p>\n\n\n\n<p><br><\/p>\n","protected":false},"excerpt":{"rendered":"<p>Bonjour ! Oui, C&rsquo;est bien moi qui se cache derri\u00e8re ce pseudo.. France, 34 ans, en couple, maman d&rsquo;une petite fille de 8 ans, j&rsquo;aspire, depuis toujours, \u00e0 aider les gens autour de moi. J&rsquo;aime \u00eatre entour\u00e9e de personnes heureuses, c&rsquo;est cela qui me rend heureuse, \u00e0 mon tour. Avant tout, je dirai que je suis une passionn\u00e9e&#8230; tr\u00e8s \u00e9clectique. Les 7 arts sont pour moi source d&rsquo;inspiration au quotidien. Comment suis-je arriv\u00e9e au m\u00e9tier de Wedding Planner, Wedding Designer et Officiante de C\u00e9r\u00e9monie?.. Suite \u00e0 une premi\u00e8re formation de Wedding Planner en 2016 via Events &amp; Media, une autre, en tant qu&rsquo;officiante de C\u00e9r\u00e9monie Laique en 2019 \u00e0 l&rsquo;IWI, International Wedding Institute \u00e0 Paris, j&rsquo;ai poursuivi d\u00e9but 2020 avec la formation Wedding Designer. J&rsquo;ai eu, enfin toutes les cl\u00e9s en main pour me lancer dans ce qui me plait ! Accompagner, conseiller, aider, soutenir, et surtout VIVRE l&rsquo;instant pr\u00e9sent \u00e0 fond. Rencontrons nous, et accomplissons de belles choses ensemble..<\/p>\n","protected":false},"author":1,"featured_media":0,"parent":0,"menu_order":0,"comment_status":"closed","ping_status":"closed","template":"","meta":[],"_links":{"self":[{"href":"https:\/\/lunacalypso.fr\/index.php?rest_route=\/wp\/v2\/pages\/10"}],"collection":[{"href":"https:\/\/lunacalypso.fr\/index.php?rest_route=\/wp\/v2\/pages"}],"about":[{"href":"https:\/\/lunacalypso.fr\/index.php?rest_route=\/wp\/v2\/types\/page"}],"author":[{"embeddable":true,"href":"https:\/\/lunacalypso.fr\/index.php?rest_route=\/wp\/v2\/users\/1"}],"replies":[{"embeddable":true,"href":"https:\/\/lunacalypso.fr\/index.php?rest_route=%2Fwp%2Fv2%2Fcomments&post=10"}],"version-history":[{"count":27,"href":"https:\/\/lunacalypso.fr\/index.php?rest_route=\/wp\/v2\/pages\/10\/revisions"}],"predecessor-version":[{"id":399,"href":"https:\/\/lunacalypso.fr\/index.php?rest_route=\/wp\/v2\/pages\/10\/revisions\/399"}],"wp:attachment":[{"href":"https:\/\/lunacalypso.fr\/index.php?rest_route=%2Fwp%2Fv2%2Fmedia&parent=10"}],"curies":[{"name":"wp","href":"https:\/\/api.w.org\/{rel}","templated":true}]}}